{"id":511,"date":"2021-06-10T10:31:35","date_gmt":"2021-06-10T08:31:35","guid":{"rendered":"https:\/\/www.wingsaway.de\/?page_id=511"},"modified":"2021-06-11T11:35:09","modified_gmt":"2021-06-11T09:35:09","slug":"kleine-insektenkunde","status":"publish","type":"page","link":"https:\/\/www.wingsaway.de\/index.php\/kleine-insektenkunde\/","title":{"rendered":"Kleine-Insektenkunde"},"content":{"rendered":"\n<p>Gerne m\u00f6chten wir Ihnen hier die in Deutschland am h\u00e4ufigsten vorkommenden Insekten einmal vorstellen:<\/p>\n\n\n\n<p><\/p>\n\n\n\n<h2 class=\"wp-block-heading\">Bienen (Anthophila)<\/h2>\n\n\n\n<p>Bienen fallen ebenso wie die Wespen unter die Ordnung der Hautfl\u00fcgler.<br>Die Bienen sind unerl\u00e4sslich f\u00fcr die Best\u00e4ubung von Pflanzen. Die mehrheit dieser Tiere<br>geh\u00f6ren den Wildbienen an. Die Ausnahme sind die Honigbienen, hierzu z\u00e4hlen ca. 10 Unterarten.<br>Die Gr\u00f6\u00dfe dieser Tiere liegt zwischen 10 mm &#8211; 1,5 mm. Sie haben stark behaarte Hinterbeine um die Pollen zu transportieren.<br>Kurz zum Stachel: Dieser ist ein sogenannter Wehrstachel, dieser wird nur bei Gefahr oder bei der Verteidigung ihrer Warben genutzt.<br><br>Diese Insekten sind ruhiger als Wespen k\u00f6nnen aber trotz alledem auch stechen. <\/p>\n\n\n\n<p>In Deutschland beheimatet sind \u00fcberwiegend die &#8220;westliche Honigbiene, die &#8220;Garten-Wollbiene&#8221; und die &#8220;Hummel&#8221;<\/p>\n\n\n\n<figure class=\"wp-block-image size-large is-resized is-style-rounded\"><img decoding=\"async\" src=\"https:\/\/www.wingsaway.de\/wp-content\/uploads\/2021\/06\/closeup-shot-of-bees-on-a-wood-surface-during-daytime.jpg\" alt=\"\" class=\"wp-image-557\" width=\"500\"\/><figcaption><a href=\"https:\/\/de.freepik.com\/fotos\/blume\">Blume Foto erstellt von wirestock &#8211; de.freepik.com<\/a><\/figcaption><\/figure>\n\n\n\n<p><\/p>\n\n\n\n<h2 class=\"wp-block-heading\">Fliegen (Brachycera)<\/h2>\n\n\n\n<p>Fliegen machen den gr\u00f6\u00dften Teil der Insekten aus. Sie besitzen eine Lebenserwartung von 2 Tagen bis zu einige Wochen.<br>Einige Arten leben einen Teil Ihres Lebens in Fleisch, Kot oder anderen organischen Materialien.<br>W\u00e4hrend dieser Zeit k\u00f6nnen sie pathogene Keime  aufnehmen und diese an den Menschen \u00fcbertragen.<br><br>Ein paar Stichpunkte zur Ern\u00e4hrung:<br>&#8211; Organische Stoffe wie Pflanzen oder zerfallene Substanzen<br>&#8211; kleiner Insekten oder Pflanzensch\u00e4dlinge<br>&#8211; Kot und faule Fr\u00fcchte<br>&#8211; s\u00fc\u00dfe Lebensmittel und Obst<br><br>Die am h\u00e4ufigsten vorkommenden Arten sind:<br>&#8211; Stubenfliegen <br>&#8211; Schmei\u00dffliegen <br>&#8211; Bohrfliegen <br>&#8211; Fruchtfliegen <br>&#8211; Fleischfliegen<br><\/p>\n\n\n\n<figure class=\"wp-block-image size-large is-resized is-style-rounded\"><img loading=\"lazy\" decoding=\"async\" src=\"https:\/\/www.wingsaway.de\/wp-content\/uploads\/2021\/06\/macro-of-a-fly-on-a-green-leaf.jpg\" alt=\"\" class=\"wp-image-555\" width=\"500\" height=\"334\"\/><figcaption><a href=\"https:\/\/de.freepik.com\/fotos\/blume\">Blume Foto erstellt von wirestock &#8211; de.freepik.com<\/a><\/figcaption><\/figure>\n\n\n\n<p><\/p>\n\n\n\n<h2 class=\"wp-block-heading\">M\u00fccken (Nematocera)<\/h2>\n\n\n\n<p>M\u00fccken sind weltweit verbreitet. Die meisten M\u00fccken sind zart gebaut, schlank und besitzen d\u00fcnnen Beine. <br>Sie haben \u00fcberwiegend stechend-saugende Mundwerkzeuge. Einige dieser Arten sind blutsaugene Krankheits\u00fcbertr\u00e4ger. <br>Zu den bekanntesten Arten geh\u00f6ren die &#8220;Stechm\u00fccke&#8221; und die Malaria-M\u00fccke. Die Malaria-M\u00fccke ist die \u00dcbertr\u00e4gerin der gef\u00fcrchteten Malaria-Krankheit. <br>Diese M\u00fccke ist allerdings bei uns weniger zu bef\u00fcrchten. Allerdings k\u00f6nnen auch unsere M\u00fccken Erreger \u00fcbertragen, jedoch f\u00fchren ihre Stiche vor allem zu Juckreiz, Schwellungen und Haut-R\u00f6tungen.<br>  <br>Unsere in Deutschland beheimateten Arten sind:<br>&#8211; Stechm\u00fccke <br>&#8211; Schmetterlingsm\u00fccke <br>&#8211; Tanzm\u00fccke<br>&#8211; Stelzm\u00fccke<br>&#8211; \u00dcberschwemmungsm\u00fccke<br>&#8211; Gallm\u00fccken<br>&#8211; Dungm\u00fccke<br>&#8211; Trauerm\u00fccke<br>&#8211; Kriebelm\u00fccke<br>&#8211; B\u00fcschelm\u00fccke<\/p>\n\n\n\n<figure class=\"wp-block-image size-large is-resized is-style-rounded\"><img loading=\"lazy\" decoding=\"async\" src=\"https:\/\/www.wingsaway.de\/wp-content\/uploads\/2021\/06\/mosquito.jpg\" alt=\"\" class=\"wp-image-563\" width=\"500\" height=\"334\"\/><figcaption><a href=\"https:\/\/de.freepik.com\/fotos\/tier\">Tier Foto erstellt von jcomp &#8211; de.freepik.com<\/a><\/figcaption><\/figure>\n\n\n\n<p><\/p>\n\n\n\n<h2 class=\"wp-block-heading\">K\u00e4fer (Coleoptera)<\/h2>\n\n\n\n<p>Circa 8.000 Arten sind in Mitteleuropa bekannt, Den gr\u00f6\u00dften Teil findet man auch in Deutschland. <br>Ihre Nahrung ist unterschiedlich und k\u00f6nnen je nach Art, neben Insekten und anderen Gliederf\u00fc\u00dfern, auch aus Wurmtierchen, Schnecken, Raupen sowie Kaulquappen bestehen. Vor allem die K\u00e4ferlarven machen einem oft das Leben schwer, da sie sich haups\u00e4chlich von Pflanzenteilen ern\u00e4hren. Bleiben sie unbek\u00e4mpft, sind sie in der Lage, innerhalb kurzer Zeit ganze G\u00e4rten zu ruinieren.<\/p>\n\n\n\n<p>\u00dcbersicht der K\u00e4ferarten:<br>&#8211; Borkenk\u00e4fer<br>&#8211; Blattk\u00e4fer<br>&#8211; Gold-Laufk\u00e4fer <br>&#8211; Samenk\u00e4fer<br>&#8211; Sandlaufk\u00e4fer<br>&#8211; Russelk\u00e4fer<br>&#8211; Prachtk\u00e4fer<br>&#8211; Schwarzk\u00e4fer<br>&#8211; Rindenk\u00e4fer<br>&#8211; Marienk\u00e4fer<\/p>\n\n\n\n<figure class=\"wp-block-image size-large is-resized is-style-rounded\"><img loading=\"lazy\" decoding=\"async\" src=\"https:\/\/www.wingsaway.de\/wp-content\/uploads\/2021\/06\/beetle-ladybug.jpg\" alt=\"\" class=\"wp-image-553\" width=\"500\" height=\"430\"\/><figcaption><a href=\"https:\/\/de.freepik.com\/vektoren\/hintergrund\">Hintergrund Vektor erstellt von brgfx &#8211; de.freepik.com<\/a><\/figcaption><\/figure>\n\n\n\n<p><\/p>\n\n\n\n<h2 class=\"wp-block-heading\">Schaben<\/h2>\n\n\n\n<p>Schaben kommen in Deutschland \u00fcberwiegend im Haushalt vor, weshalb sie auch Vorratsschaben genannt werden. Ausnahme bildet die Waldschabe. Sie verstecken sich meist und kommen sind vor allem in der Nacht\/bei Dunkelheit aktiv, w\u00e4hrend sie Licht meiden. Sie leben gern in Gruppen, was bedeutet: wo eine Schabe ist, sind sehr wahrscheinlich noch einige mehr. \u00dcberwiegend sind sie Allesfresser und fallen neben Lebensmitteln und Tierfutter auch \u00fcber Leder, Textilien und Papier her. Sie k\u00f6nnen zum \u00dcbertr\u00e4ger vielerlei Erreger sein und Krankheiten wie Hepatitis, Gelbfieber, Milzbrand oder W\u00fcrmern sein, was in Deutschland bislang selten bis gar nicht vorkam. Eine Bek\u00e4mpfung von Schaben ist dennoch dringend angeraten.<\/p>\n\n\n\n<p>\u00dcbersicht von Arten in Deutschlands G\u00e4rten und Haushalten:<br>&#8211; Bernstein-Waldschabe<br>&#8211; Gemeine K\u00fcchenschabe<br>&#8211; Deutsche Schabe<br>&#8211; Amerikanische Gro\u00dfschabe<\/p>\n\n\n\n<p><\/p>\n\n\n\n<h2 class=\"wp-block-heading\">Wanzen (Heteroptera)<\/h2>\n\n\n\n<p>Wanzen z\u00e4hlen zu den Insektenarten, die sich niemand im Haus, geschweige denn, im Bett w\u00fcnscht. In Deutschland sind rund 3.000 verschiedene Unterarten unterwegs. Diese erstrecken sich von Pflanzensaugern, zahlreiche r\u00e4uberisch lebende Arten sowie sogenannte Ektoparasiten, zu denen auch die Bettwanzen geh\u00f6ren. Sie Leben in der Natur auf Wiesen, in W\u00e4ldern und an Waldr\u00e4ndern sowie in Wohnbereichen.<\/p>\n\n\n\n<p>Haups\u00e4chlich leben sie in trockenen Gebiete. Einigefinden sich aber auch in Mooren, am Sandstrand, aber auch auf Wasseroberfl\u00e4chen.<br>Wanzen k\u00f6nnen gesundheitliche Probleme bei Menschen verursachen und\/oder Pflanzen enorme Sch\u00e4den zuf\u00fcgen, wie zum Beispiel:<br>&#8211; Raubwanzen, Krankheits\u00fcbertr\u00e4ger<br>&#8211; Beeren- und Kohlwanzen<br>&#8211; Spitzling <br><\/p>\n\n\n\n<figure class=\"wp-block-image size-large is-resized is-style-rounded\"><img loading=\"lazy\" decoding=\"async\" src=\"https:\/\/www.wingsaway.de\/wp-content\/uploads\/2021\/06\/bug.jpg\" alt=\"\" class=\"wp-image-559\" width=\"500\" height=\"485\"\/><figcaption><a href=\"https:\/\/de.freepik.com\/fotos\/blume\">&lt;a href=&#8221;https:\/\/de.freepik.com\/fotos\/blatt&#8221;>Blatt Foto erstellt von wirestock &#8211; de.freepik.com&lt;\/a><\/a><\/figcaption><\/figure>\n\n\n\n<p><\/p>\n\n\n\n<h2 class=\"wp-block-heading\">Wespen (Vespinae)<\/h2>\n\n\n\n<p>Die Wespen geh\u00f6ren der Ordnung \u201eHautfl\u00fcgler\u201c an. Sie leisten n\u00fctzliche Dienste, indem sie Bl\u00fcten best\u00e4uben und somit f\u00fcr die Vermehrung von Pflanzen ma\u00dfgeblich mitverantwortlich sind und zu ertragreichen Obsternten beitragen.  In Mitteleuropa gibt es elf Arten.<br>Zu ihren Nahrungsquellen z\u00e4hlen verschiedene Insektenarten, welche als Gartensch\u00e4dlinge ungern gesehen werden und \u201es\u00e4ubern\u201c somit Pflanzenbereiche von l\u00e4stigen Parasiten.<br><br>Gef\u00e4hrlich f\u00fcr den Menschen sind die &#8220;Deutsche-&#8221; und die &#8220;Gemeine Wespe&#8221;. Hier werden bei einem Stich Alarmpheromone freigesetz, die weitere Tier <br>anlocken und zum Stich animieren. Das Gift von Bienen und Wespen verursacht Schmerzen und im sp\u00e4teren Verlauf Juckreiz sowie eine (bei Allergikern mitunter massive) Schwellung, die erst nach einigen Tagen nachl\u00e4sst. Diese kann bis zu f\u00fcnf oder sechs Tage anhalten, am zweiten oder dritten Tag kann die Reaktion am st\u00e4rksten sein.<\/p>\n\n\n\n<p>Zu den bekanntesten Wespenarten geh\u00f6ren in Deutschland unter anderen:<br>&#8211; Deutsche Wespe<br>&#8211; Gemeine Wespe<br>&#8211; Feldwespe <br>&#8211; Hornisse<br>&#8211; Waldwespe<br>&#8211; Waldkuckuckswespe<br>&#8211; Norwegische Wespe<br>&#8211; Rote Wespe<\/p>\n\n\n\n<figure class=\"wp-block-image size-large is-resized is-style-rounded\"><img loading=\"lazy\" decoding=\"async\" src=\"https:\/\/www.wingsaway.de\/wp-content\/uploads\/2021\/06\/selective-closeup-focused-shot-of-a-bee-on-a-yellow-wall1-2.jpg\" alt=\"\" class=\"wp-image-545\" width=\"500\" height=\"347\"\/><figcaption>Blume Foto erstellt von wirestock &#8211; de.freepik.com<\/figcaption><\/figure>\n\n\n\n<p><\/p>\n","protected":false},"excerpt":{"rendered":"<p>Gerne m\u00f6chten wir Ihnen hier die in Deutschland am h\u00e4ufigsten vorkommenden Insekten einmal vorstellen: Bienen (Anthophila) Bienen fallen ebenso wie die Wespen unter die Ordnung der Hautfl\u00fcgler.Die Bienen sind unerl\u00e4sslich f\u00fcr die Best\u00e4ubung von Pflanzen. Die mehrheit dieser Tieregeh\u00f6ren den<\/p>\n","protected":false},"author":1,"featured_media":0,"parent":0,"menu_order":0,"comment_status":"closed","ping_status":"closed","template":"","meta":{"footnotes":""},"class_list":["post-511","page","type-page","status-publish","hentry"],"_links":{"self":[{"href":"https:\/\/www.wingsaway.de\/index.php\/wp-json\/wp\/v2\/pages\/511"}],"collection":[{"href":"https:\/\/www.wingsaway.de\/index.php\/wp-json\/wp\/v2\/pages"}],"about":[{"href":"https:\/\/www.wingsaway.de\/index.php\/wp-json\/wp\/v2\/types\/page"}],"author":[{"embeddable":true,"href":"https:\/\/www.wingsaway.de\/index.php\/wp-json\/wp\/v2\/users\/1"}],"replies":[{"embeddable":true,"href":"https:\/\/www.wingsaway.de\/index.php\/wp-json\/wp\/v2\/comments?post=511"}],"version-history":[{"count":11,"href":"https:\/\/www.wingsaway.de\/index.php\/wp-json\/wp\/v2\/pages\/511\/revisions"}],"predecessor-version":[{"id":581,"href":"https:\/\/www.wingsaway.de\/index.php\/wp-json\/wp\/v2\/pages\/511\/revisions\/581"}],"wp:attachment":[{"href":"https:\/\/www.wingsaway.de\/index.php\/wp-json\/wp\/v2\/media?parent=511"}],"curies":[{"name":"wp","href":"https:\/\/api.w.org\/{rel}","templated":true}]}}